{"id":3352,"date":"2021-07-09T14:10:16","date_gmt":"2021-07-09T12:10:16","guid":{"rendered":"https:\/\/strategos.ad\/contacto\/"},"modified":"2023-02-09T09:37:36","modified_gmt":"2023-02-09T08:37:36","slug":"contacto","status":"publish","type":"page","link":"https:\/\/strategos.ad\/es\/contacto\/","title":{"rendered":"CONTACTO"},"content":{"rendered":"\t\t<div data-elementor-type=\"wp-page\" data-elementor-id=\"3352\" class=\"elementor elementor-3352 elementor-231\">\n\t\t\t\t\t\t\t\t\t<section class=\"elementor-section elementor-top-section elementor-element elementor-element-b9c9eab elementor-hidden-desktop elementor-hidden-tablet elementor-section-boxed elementor-section-height-default elementor-section-height-default\" data-id=\"b9c9eab\" data-element_type=\"section\">\n\t\t\t\t\t\t<div class=\"elementor-container elementor-column-gap-default\">\n\t\t\t\t\t<div class=\"elementor-column elementor-col-100 elementor-top-column elementor-element elementor-element-9a496dd\" data-id=\"9a496dd\" data-element_type=\"column\">\n\t\t\t<div class=\"elementor-widget-wrap elementor-element-populated\">\n\t\t\t\t\t\t\t\t<div class=\"elementor-element elementor-element-aa4bda2 elementor-widget-divider--view-line elementor-widget elementor-widget-divider\" data-id=\"aa4bda2\" data-element_type=\"widget\" data-widget_type=\"divider.default\">\n\t\t\t\t<div class=\"elementor-widget-container\">\n\t\t\t\t\t<div class=\"elementor-divider\">\n\t\t\t<span class=\"elementor-divider-separator\">\n\t\t\t\t\t\t<\/span>\n\t\t<\/div>\n\t\t\t\t<\/div>\n\t\t\t\t<\/div>\n\t\t\t\t\t<\/div>\n\t\t<\/div>\n\t\t\t\t\t\t\t<\/div>\n\t\t<\/section>\n\t\t\t\t<section class=\"elementor-section elementor-top-section elementor-element elementor-element-d5313c1 elementor-section-height-min-height home-titular elementor-reverse-mobile elementor-section-boxed elementor-section-height-default elementor-section-items-middle\" data-id=\"d5313c1\" data-element_type=\"section\">\n\t\t\t\t\t\t<div class=\"elementor-container elementor-column-gap-no\">\n\t\t\t\t\t<div class=\"elementor-column elementor-col-50 elementor-top-column elementor-element elementor-element-bbaf714\" data-id=\"bbaf714\" data-element_type=\"column\">\n\t\t\t<div class=\"elementor-widget-wrap elementor-element-populated\">\n\t\t\t\t\t\t\t\t<div class=\"elementor-element elementor-element-25e234f elementor-widget elementor-widget-google_maps\" data-id=\"25e234f\" data-element_type=\"widget\" data-widget_type=\"google_maps.default\">\n\t\t\t\t<div class=\"elementor-widget-container\">\n\t\t\t\t\t<div class=\"elementor-custom-embed\">\n\t\t\t<iframe loading=\"lazy\"\n\t\t\t\t\tsrc=\"https:\/\/maps.google.com\/maps?q=C.%20Prat%20de%20la%20Creu%2C%2059-65%2C%202a%20planta%20AD500%2CAndorra%20la%20Vella&#038;t=m&#038;z=16&#038;output=embed&#038;iwloc=near\"\n\t\t\t\t\ttitle=\"C. Prat de la Creu, 59-65, 2a planta AD500,Andorra la Vella\"\n\t\t\t\t\taria-label=\"C. Prat de la Creu, 59-65, 2a planta AD500,Andorra la Vella\"\n\t\t\t><\/iframe>\n\t\t<\/div>\n\t\t\t\t<\/div>\n\t\t\t\t<\/div>\n\t\t\t\t\t<\/div>\n\t\t<\/div>\n\t\t\t\t<div class=\"elementor-column elementor-col-50 elementor-top-column elementor-element elementor-element-f4c61f9\" data-id=\"f4c61f9\" data-element_type=\"column\">\n\t\t\t<div class=\"elementor-widget-wrap elementor-element-populated\">\n\t\t\t\t\t\t\t\t<div class=\"elementor-element elementor-element-6399a3f elementor-widget elementor-widget-heading\" data-id=\"6399a3f\" data-element_type=\"widget\" data-widget_type=\"heading.default\">\n\t\t\t\t<div class=\"elementor-widget-container\">\n\t\t\t<h2 class=\"elementor-heading-title elementor-size-default\">CONTACTO<\/h2>\t\t<\/div>\n\t\t\t\t<\/div>\n\t\t\t\t<div class=\"elementor-element elementor-element-5922799 formulari elementor-widget elementor-widget-wp-widget-gform_widget\" data-id=\"5922799\" data-element_type=\"widget\" data-widget_type=\"wp-widget-gform_widget.default\">\n\t\t\t\t<div class=\"elementor-widget-container\">\n\t\t\t<link rel='stylesheet' id='gform_basic-css' href='https:\/\/strategos.ad\/wp-content\/plugins\/gravityforms\/assets\/css\/dist\/basic.min.css?ver=2.6.9' media='all' \/>\n<link rel='stylesheet' id='gform_theme_components-css' href='https:\/\/strategos.ad\/wp-content\/plugins\/gravityforms\/assets\/css\/dist\/theme-components.min.css?ver=2.6.9' media='all' \/>\n<link rel='stylesheet' id='gform_theme_ie11-css' href='https:\/\/strategos.ad\/wp-content\/plugins\/gravityforms\/assets\/css\/dist\/theme-ie11.min.css?ver=2.6.9' media='all' \/>\n<link rel='stylesheet' id='gform_theme-css' href='https:\/\/strategos.ad\/wp-content\/plugins\/gravityforms\/assets\/css\/dist\/theme.min.css?ver=2.6.9' media='all' \/>\n<script src='https:\/\/strategos.ad\/wp-includes\/js\/dist\/vendor\/regenerator-runtime.min.js?ver=0.13.9' id='regenerator-runtime-js'><\/script>\n<script src='https:\/\/strategos.ad\/wp-includes\/js\/dist\/vendor\/wp-polyfill.min.js?ver=3.15.0' id='wp-polyfill-js'><\/script>\n<script src='https:\/\/strategos.ad\/wp-includes\/js\/dist\/dom-ready.min.js?ver=392bdd43726760d1f3ca' id='wp-dom-ready-js'><\/script>\n<script src='https:\/\/strategos.ad\/wp-includes\/js\/dist\/hooks.min.js?ver=4169d3cf8e8d95a3d6d5' id='wp-hooks-js'><\/script>\n<script src='https:\/\/strategos.ad\/wp-includes\/js\/dist\/i18n.min.js?ver=9e794f35a71bb98672ae' id='wp-i18n-js'><\/script>\n<script id='wp-i18n-js-after'>\nwp.i18n.setLocaleData( { 'text direction\\u0004ltr': [ 'ltr' ] } );\n<\/script>\n<script id='wp-a11y-js-translations'>\n( function( domain, translations ) {\n\tvar localeData = translations.locale_data[ domain ] || translations.locale_data.messages;\n\tlocaleData[\"\"].domain = domain;\n\twp.i18n.setLocaleData( localeData, domain );\n} )( \"default\", {\"translation-revision-date\":\"2025-11-14 09:08:28+0000\",\"generator\":\"GlotPress\\\/4.0.3\",\"domain\":\"messages\",\"locale_data\":{\"messages\":{\"\":{\"domain\":\"messages\",\"plural-forms\":\"nplurals=2; plural=n != 1;\",\"lang\":\"es\"},\"Notifications\":[\"Avisos\"]}},\"comment\":{\"reference\":\"wp-includes\\\/js\\\/dist\\\/a11y.js\"}} );\n<\/script>\n<script src='https:\/\/strategos.ad\/wp-includes\/js\/dist\/a11y.min.js?ver=ecce20f002eda4c19664' id='wp-a11y-js'><\/script>\n<script src='https:\/\/strategos.ad\/wp-includes\/js\/jquery\/jquery.min.js?ver=3.6.1' id='jquery-core-js'><\/script>\n<script src='https:\/\/strategos.ad\/wp-includes\/js\/jquery\/jquery-migrate.min.js?ver=3.3.2' id='jquery-migrate-js'><\/script>\n<script defer='defer' src='https:\/\/strategos.ad\/wp-content\/plugins\/gravityforms\/js\/jquery.json.min.js?ver=2.6.9' id='gform_json-js'><\/script>\n<script id='gform_gravityforms-js-extra'>\nvar gf_global = {\"gf_currency_config\":{\"name\":\"Euro\",\"symbol_left\":\"\",\"symbol_right\":\"&#8364;\",\"symbol_padding\":\" \",\"thousand_separator\":\".\",\"decimal_separator\":\",\",\"decimals\":2,\"code\":\"EUR\"},\"base_url\":\"https:\\\/\\\/strategos.ad\\\/wp-content\\\/plugins\\\/gravityforms\",\"number_formats\":[],\"spinnerUrl\":\"https:\\\/\\\/strategos.ad\\\/wp-content\\\/plugins\\\/gravityforms\\\/images\\\/spinner.svg\",\"strings\":{\"newRowAdded\":\"Nueva fila a\\u00f1adida.\",\"rowRemoved\":\"Fila eliminada\",\"formSaved\":\"Se ha guardado el formulario. El contenido incluye el enlace para volver y completar el formulario.\"}};\n<\/script>\n<script defer='defer' src='https:\/\/strategos.ad\/wp-content\/plugins\/gravityforms\/js\/gravityforms.min.js?ver=2.6.9' id='gform_gravityforms-js'><\/script>\n<script defer='defer' src='https:\/\/www.google.com\/recaptcha\/api.js?hl=ca&#038;ver=6.1.10#038;render=explicit' id='gform_recaptcha-js'><\/script>\n<script defer='defer' src='https:\/\/strategos.ad\/wp-content\/plugins\/gravityforms\/js\/placeholders.jquery.min.js?ver=2.6.9' id='gform_placeholder-js'><\/script>\n<script type=\"text\/javascript\">var gform;gform||(document.addEventListener(\"gform_main_scripts_loaded\",function(){gform.scriptsLoaded=!0}),window.addEventListener(\"DOMContentLoaded\",function(){gform.domLoaded=!0}),gform={domLoaded:!1,scriptsLoaded:!1,initializeOnLoaded:function(o){gform.domLoaded&&gform.scriptsLoaded?o():!gform.domLoaded&&gform.scriptsLoaded?window.addEventListener(\"DOMContentLoaded\",o):document.addEventListener(\"gform_main_scripts_loaded\",o)},hooks:{action:{},filter:{}},addAction:function(o,n,r,t){gform.addHook(\"action\",o,n,r,t)},addFilter:function(o,n,r,t){gform.addHook(\"filter\",o,n,r,t)},doAction:function(o){gform.doHook(\"action\",o,arguments)},applyFilters:function(o){return gform.doHook(\"filter\",o,arguments)},removeAction:function(o,n){gform.removeHook(\"action\",o,n)},removeFilter:function(o,n,r){gform.removeHook(\"filter\",o,n,r)},addHook:function(o,n,r,t,i){null==gform.hooks[o][n]&&(gform.hooks[o][n]=[]);var e=gform.hooks[o][n];null==i&&(i=n+\"_\"+e.length),gform.hooks[o][n].push({tag:i,callable:r,priority:t=null==t?10:t})},doHook:function(n,o,r){var t;if(r=Array.prototype.slice.call(r,1),null!=gform.hooks[n][o]&&((o=gform.hooks[n][o]).sort(function(o,n){return o.priority-n.priority}),o.forEach(function(o){\"function\"!=typeof(t=o.callable)&&(t=window[t]),\"action\"==n?t.apply(null,r):r[0]=t.apply(null,r)})),\"filter\"==n)return r[0]},removeHook:function(o,n,t,i){var r;null!=gform.hooks[o][n]&&(r=(r=gform.hooks[o][n]).filter(function(o,n,r){return!!(null!=i&&i!=o.tag||null!=t&&t!=o.priority)}),gform.hooks[o][n]=r)}});<\/script>\r\n                <div class='gf_browser_gecko gform_wrapper gravity-theme' id='gform_wrapper_1' >\r\n                        <div class='gform_heading'>\r\n\t\t\t\t\t\t\t<p class='gform_required_legend'>&quot;<span class=\"gfield_required gfield_required_custom\">(Obligatori)<\/span>&quot; se\u00f1ala los campos obligatorios<\/p>\r\n                        <\/div><form method='post' enctype='multipart\/form-data'  id='gform_1'  action='\/es\/wp-json\/wp\/v2\/pages\/3352' >\r\n                        <div class='gform_body gform-body'><div id='gform_fields_1' class='gform_fields top_label form_sublabel_below description_below'><div id=\"field_1_1\"  class=\"gfield gfield--width-half gfield_contains_required field_sublabel_below field_description_below hidden_label gfield_visibility_visible\"  data-js-reload=\"field_1_1\"><label class='gfield_label' for='input_1_1' >Nombre<span class=\"gfield_required\"><span class=\"gfield_required gfield_required_custom\">(Obligatori)<\/span><\/span><\/label><div class='ginput_container ginput_container_text'><input name='input_1' id='input_1_1' type='text' value='' class='large'    placeholder='Nombre' aria-required=\"true\" aria-invalid=\"false\"   \/> <\/div><\/div><div id=\"field_1_4\"  class=\"gfield gfield--width-half gfield_contains_required field_sublabel_below field_description_below hidden_label gfield_visibility_visible\"  data-js-reload=\"field_1_4\"><label class='gfield_label' for='input_1_4' >Email<span class=\"gfield_required\"><span class=\"gfield_required gfield_required_custom\">(Obligatori)<\/span><\/span><\/label><div class='ginput_container ginput_container_email'>\r\n                            <input name='input_4' id='input_1_4' type='text' value='' class='large'   placeholder='Email' aria-required=\"true\" aria-invalid=\"false\"  \/>\r\n                        <\/div><\/div><div id=\"field_1_5\"  class=\"gfield gfield--width-full field_sublabel_below field_description_below hidden_label gfield_visibility_visible\"  data-js-reload=\"field_1_5\"><label class='gfield_label' for='input_1_5' >Mensaje<\/label><div class='ginput_container ginput_container_textarea'><textarea name='input_5' id='input_1_5' class='textarea small'    placeholder='Mensaje'  aria-invalid=\"false\"   rows='10' cols='50'><\/textarea><\/div><\/div><fieldset id=\"field_1_6\"  class=\"gfield gfield--width-full gfield_contains_required field_sublabel_below field_description_above hidden_label gfield_visibility_visible\"  data-js-reload=\"field_1_6\"><legend class='gfield_label gfield_label_before_complex'  >Consentimiento<span class=\"gfield_required\"><span class=\"gfield_required gfield_required_custom\">(Obligatori)<\/span><\/span><\/legend><div class='gfield_description gfield_consent_description' id='gfield_consent_description_1_6'>De acuerdo con lo que dispone la Ley 29\/2021, de 28 de octubre, calificada de protecci\u00f3n de datos personales, le informamos que sus datos personales obtenidos mediante este formulario, as\u00ed como su direcci\u00f3n de correo electr\u00f3nico, ser\u00e1n incorporados a un fichero responsabilidad de STRATEGOS, S.L., domiciliada en la calle Prat de la Creu, n\u00fameros 59-65, escalera A, seg\u00fan piso, puerta segunda de Andorra la Vella (AD500 \u2013 Andorra la Vella), con n\u00famero NRT 707487-T y inscrita en fecha 29\/05\/2007 en el Registro de Sociedades con n\u00famero 12.338. <br \/>\nLos datos recogidos en este formulario ser\u00e1n tratados por STRATEGOS con el fin de gestionar y dar respuesta a la consulta planteada. Sus datos no ser\u00e1n cedidos a terceros salvo en los casos en que exista una obligaci\u00f3n legal. Este tratamiento de datos es necesario para atender a su solicitud y est\u00e1 basado en el consentimiento que usted nos proporciona al enviarnos la consulta. Salvo que usted se oponga al tratamiento de sus datos, \u00e9stos ser\u00e1n conservados durante el tiempo necesario para cumplir con la finalidad por la que se recaban, y para cumplir con las obligaciones legales y atender las posibles responsabilidades que pudieran derivarse de las fines de su tratamiento.<br \/>\nUsted tiene derecho a obtener informaci\u00f3n sobre si en STRATEGOS estamos tratando sus datos personales, por lo que puede ejercer sus derechos de acceso, rectificaci\u00f3n, supresi\u00f3n y portabilidad de datos y oposici\u00f3n y limitaci\u00f3n a su tratamiento frente a STRATEGOS, formalizando una solicitud escrita enviada por correo electr\u00f3nico a la direcci\u00f3n strategos@strategos.ad. Para m\u00e1s informaci\u00f3n consulte la Pol\u00edtica de Privacidad de STRATEGOS.<\/div><div class='ginput_container ginput_container_consent'><input name='input_6.1' id='input_1_6_1' type='checkbox' value='1'  aria-describedby=\"gfield_consent_description_1_6\" aria-required=\"true\" aria-invalid=\"false\"   \/> <label class=\"gfield_consent_label\" for='input_1_6_1' >He le\u00eddo y acepto las cl\u00e1usulas anteriormente expuestas, as\u00ed como la <a href=\"#\">Pol\u00edtica de Privacidad de STRATEGOS.<\/a><\/label><span class=\"gfield_required gfield_required_custom\">(Obligatori)<\/span><input type='hidden' name='input_6.2' value='He le\u00eddo y acepto las cl\u00e1usulas anteriormente expuestas, as\u00ed como la &lt;a href=&quot;#&quot;&gt;Pol\u00edtica de Privacidad de STRATEGOS.&lt;\/a&gt;' class='gform_hidden' \/><input type='hidden' name='input_6.3' value='2' class='gform_hidden' \/><\/div><\/fieldset><fieldset id=\"field_1_8\"  class=\"gfield gfield--width-full field_sublabel_below field_description_above hidden_label gfield_visibility_visible\"  data-js-reload=\"field_1_8\"><legend class='gfield_label gfield_label_before_complex'  >Consentimiento<\/legend><div class='gfield_description gfield_consent_description' id='gfield_consent_description_1_8'>Asimismo, si marca la casilla de verificaci\u00f3n que sigue a este p\u00e1rrafo, STRATEGOS podr\u00e1 enviarle informaci\u00f3n de la empresa o grupo de empresas y de sus productos o servicios que pudiera ser de su inter\u00e9s y nos da su consentimiento expreso por a enviarle la informaci\u00f3n mencionada a trav\u00e9s de su correo electr\u00f3nico.<\/div><div class='ginput_container ginput_container_consent'><input name='input_8.1' id='input_1_8_1' type='checkbox' value='1'  aria-describedby=\"gfield_consent_description_1_8\"  aria-invalid=\"false\"   \/> <label class=\"gfield_consent_label\" for='input_1_8_1' >Deseo recibir informaci\u00f3n sobre STRATEGOS y sus servicios.<\/label><input type='hidden' name='input_8.2' value='Deseo recibir informaci\u00f3n sobre STRATEGOS y sus servicios.' class='gform_hidden' \/><input type='hidden' name='input_8.3' value='2' class='gform_hidden' \/><\/div><\/fieldset><div id=\"field_1_7\"  class=\"gfield gfield--width-full field_sublabel_below field_description_below hidden_label gfield_visibility_visible\"  data-js-reload=\"field_1_7\"><label class='gfield_label' for='input_1_7' >CAPTCHA<\/label><div id='input_1_7' class='ginput_container ginput_recaptcha' data-sitekey='6LcdgeUhAAAAALFoxEH3QCaet-6e_-Yus8XNX8Cy'  data-theme='light' data-tabindex='0'  data-badge=''><\/div><\/div><\/div><\/div>\r\n        <div class='gform_footer top_label'> <input type='submit' id='gform_submit_button_1' class='gform_button button' value='Enviar'  onclick='if(window[\"gf_submitting_1\"]){return false;}  window[\"gf_submitting_1\"]=true;  ' onkeypress='if( event.keyCode == 13 ){ if(window[\"gf_submitting_1\"]){return false;} window[\"gf_submitting_1\"]=true;  jQuery(\"#gform_1\").trigger(\"submit\",[true]); }' \/> \r\n            <input type='hidden' class='gform_hidden' name='is_submit_1' value='1' \/>\r\n            <input type='hidden' class='gform_hidden' name='gform_submit' value='1' \/>\r\n            \r\n            <input type='hidden' class='gform_hidden' name='gform_unique_id' value='' \/>\r\n            <input type='hidden' class='gform_hidden' name='state_1' value='WyJ7XCI2LjFcIjpcIjFlNzE3NDgyNDE4MTNlNjA3M2Y4MTc5ZDM1ZDI2NzQ0XCIsXCI2LjJcIjpcImQ4YzQ1NmY4ZjVjMGE0NjUwODY0NjhhYzMwZDljNjQ1XCIsXCI2LjNcIjpcImY5YjMwNWE3Mjk2NTNjMmFkNDRlMzk0YzI4ZTQ2OWNiXCIsXCI4LjFcIjpcIjFlNzE3NDgyNDE4MTNlNjA3M2Y4MTc5ZDM1ZDI2NzQ0XCIsXCI4LjJcIjpcIjBmYjBiYTBiNzI5Y2IyN2FiOTE5YzMzZTFmOWFiM2IyXCIsXCI4LjNcIjpcImY5YjMwNWE3Mjk2NTNjMmFkNDRlMzk0YzI4ZTQ2OWNiXCJ9IiwiMjAxNWQwYzA5YTdlNWRlNTAyYzg1YmM0NWE3ZWRjMWUiXQ==' \/>\r\n            <input type='hidden' class='gform_hidden' name='gform_target_page_number_1' id='gform_target_page_number_1' value='0' \/>\r\n            <input type='hidden' class='gform_hidden' name='gform_source_page_number_1' id='gform_source_page_number_1' value='1' \/>\r\n            <input type='hidden' name='gform_field_values' value='' \/>\r\n            \r\n        <\/div>\r\n                        <\/form>\r\n                        <\/div>\t\t<\/div>\n\t\t\t\t<\/div>\n\t\t\t\t\t<\/div>\n\t\t<\/div>\n\t\t\t\t\t\t\t<\/div>\n\t\t<\/section>\n\t\t\t\t<section class=\"elementor-section elementor-top-section elementor-element elementor-element-a2268cb elementor-section-full_width elementor-section-items-stretch elementor-section-content-middle elementor-section-stretched elementor-section-height-min-height elementor-section-height-default\" data-id=\"a2268cb\" data-element_type=\"section\" data-settings=\"{&quot;stretch_section&quot;:&quot;section-stretched&quot;,&quot;background_background&quot;:&quot;classic&quot;}\">\n\t\t\t\t\t\t<div class=\"elementor-container elementor-column-gap-no\">\n\t\t\t\t\t<div class=\"elementor-column elementor-col-50 elementor-top-column elementor-element elementor-element-46bf40f\" data-id=\"46bf40f\" data-element_type=\"column\" data-settings=\"{&quot;background_background&quot;:&quot;classic&quot;}\">\n\t\t\t<div class=\"elementor-widget-wrap elementor-element-populated\">\n\t\t\t\t\t\t\t\t<section class=\"elementor-section elementor-inner-section elementor-element elementor-element-10eef41 elementor-section-boxed elementor-section-height-default elementor-section-height-default\" data-id=\"10eef41\" data-element_type=\"section\">\n\t\t\t\t\t\t<div class=\"elementor-container elementor-column-gap-default\">\n\t\t\t\t\t<div class=\"elementor-column elementor-col-100 elementor-inner-column elementor-element elementor-element-c0b1907\" data-id=\"c0b1907\" data-element_type=\"column\">\n\t\t\t<div class=\"elementor-widget-wrap elementor-element-populated\">\n\t\t\t\t\t\t\t\t<div class=\"elementor-element elementor-element-6991b77 elementor-align-left elementor-mobile-align-center telefons elementor-icon-list--layout-traditional elementor-list-item-link-full_width elementor-widget elementor-widget-icon-list\" data-id=\"6991b77\" data-element_type=\"widget\" data-widget_type=\"icon-list.default\">\n\t\t\t\t<div class=\"elementor-widget-container\">\n\t\t\t\t\t<ul class=\"elementor-icon-list-items\">\n\t\t\t\t\t\t\t<li class=\"elementor-icon-list-item\">\n\t\t\t\t\t\t\t\t\t\t\t<span class=\"elementor-icon-list-icon\">\n\t\t\t\t\t\t\t<i aria-hidden=\"true\" class=\"fab fa-whatsapp\"><\/i>\t\t\t\t\t\t<\/span>\n\t\t\t\t\t\t\t\t\t\t<span class=\"elementor-icon-list-text\">Tel: +376 805 705 <\/span>\n\t\t\t\t\t\t\t\t\t<\/li>\n\t\t\t\t\t\t\t\t<li class=\"elementor-icon-list-item\">\n\t\t\t\t\t\t\t\t\t\t\t<span class=\"elementor-icon-list-icon\">\n\t\t\t\t\t\t\t<i aria-hidden=\"true\" class=\"far fa-envelope\"><\/i>\t\t\t\t\t\t<\/span>\n\t\t\t\t\t\t\t\t\t\t<span class=\"elementor-icon-list-text\">strategos@strategos.ad<\/span>\n\t\t\t\t\t\t\t\t\t<\/li>\n\t\t\t\t\t\t<\/ul>\n\t\t\t\t<\/div>\n\t\t\t\t<\/div>\n\t\t\t\t<div class=\"elementor-element elementor-element-cfd3f1c elementor-hidden-mobile elementor-widget elementor-widget-text-editor\" data-id=\"cfd3f1c\" data-element_type=\"widget\" data-widget_type=\"text-editor.default\">\n\t\t\t\t<div class=\"elementor-widget-container\">\n\t\t\t\t\t\t\t<p>C. Prat de la Creu, 59-65, Escala A, 2a planta<br \/>AD500 Andorra la Vella, Principat d&#8217;Andorra<\/p>\n\t\t\t\t\t\t<\/div>\n\t\t\t\t<\/div>\n\t\t\t\t\t<\/div>\n\t\t<\/div>\n\t\t\t\t\t\t\t<\/div>\n\t\t<\/section>\n\t\t\t\t\t<\/div>\n\t\t<\/div>\n\t\t\t\t<div class=\"elementor-column elementor-col-50 elementor-top-column elementor-element elementor-element-11bb4a7\" data-id=\"11bb4a7\" data-element_type=\"column\" data-settings=\"{&quot;background_background&quot;:&quot;classic&quot;}\">\n\t\t\t<div class=\"elementor-widget-wrap\">\n\t\t\t\t\t\t\t\t\t<\/div>\n\t\t<\/div>\n\t\t\t\t\t\t\t<\/div>\n\t\t<\/section>\n\t\t\t\t\t\t\t<\/div>\n\t\t","protected":false},"excerpt":{"rendered":"<p>CONTACTO Tel: +376 805 705 strategos@strategos.ad C. Prat de la Creu, 59-65, Escala A, 2a plantaAD500 Andorra la Vella, Principat d&#8217;Andorra<\/p>\n","protected":false},"author":1,"featured_media":0,"parent":0,"menu_order":0,"comment_status":"closed","ping_status":"closed","template":"elementor_header_footer","meta":[],"_links":{"self":[{"href":"https:\/\/strategos.ad\/es\/wp-json\/wp\/v2\/pages\/3352"}],"collection":[{"href":"https:\/\/strategos.ad\/es\/wp-json\/wp\/v2\/pages"}],"about":[{"href":"https:\/\/strategos.ad\/es\/wp-json\/wp\/v2\/types\/page"}],"author":[{"embeddable":true,"href":"https:\/\/strategos.ad\/es\/wp-json\/wp\/v2\/users\/1"}],"replies":[{"embeddable":true,"href":"https:\/\/strategos.ad\/es\/wp-json\/wp\/v2\/comments?post=3352"}],"version-history":[{"count":1,"href":"https:\/\/strategos.ad\/es\/wp-json\/wp\/v2\/pages\/3352\/revisions"}],"predecessor-version":[{"id":3353,"href":"https:\/\/strategos.ad\/es\/wp-json\/wp\/v2\/pages\/3352\/revisions\/3353"}],"wp:attachment":[{"href":"https:\/\/strategos.ad\/es\/wp-json\/wp\/v2\/media?parent=3352"}],"curies":[{"name":"wp","href":"https:\/\/api.w.org\/{rel}","templated":true}]}}